{"id":6358,"date":"2016-06-13T15:48:45","date_gmt":"2016-06-13T15:48:45","guid":{"rendered":"https:\/\/www.suppliesonboard.it\/supplies-on-board-ship-chandler\/"},"modified":"2026-03-31T09:40:07","modified_gmt":"2026-03-31T09:40:07","slug":"company-supplies-on-board","status":"publish","type":"page","link":"https:\/\/www.suppliesonboard.it\/en\/company-supplies-on-board\/","title":{"rendered":"Company"},"content":{"rendered":"<div class=\"wpb-content-wrapper\"><p>[vc_row wrap_container=&#8221;yes&#8221; css=&#8221;.vc_custom_1662974625830{border-bottom-width: 1px !important;padding-top: 20px !important;padding-bottom: 30px !important;border-bottom-color: #ebebeb !important;border-bottom-style: solid !important;border-radius: 1px !important;}&#8221; conditional_render=&#8221;%5B%7B%22value_role%22%3A%22administrator%22%7D%5D&#8221;][vc_column][vc_column_text css=&#8221;&#8221; css_params=&#8221;&#8221;]<\/p>\n<h2>ABOUT US<\/h2>\n<p>[\/vc_column_text][vc_column_text]L\u2019azienda venne <strong>fondata nel 1989<\/strong> sotto la direzione, ma soprattutto dalla passione motoristica, del titolare <strong>Latini Roberto<\/strong>.<\/p>\n<p>Sin da subito la nostra attivit\u00e0 si \u00e8 contraddistinta per la grande professionalit\u00e0, trasparenza unita alla correttezza e, soprattutto, alla preparazione e al costante aggiornamento del personale.<\/p>\n<p>I settori ricoperti in termini di riparazioni abbracciano con cura parsimoniosa, sia il settore diesel sia quello benzina, con particolare attenzione alle propulsioni idrogetto.<\/p>\n<p>Con il progresso continuo di nuove tecnologie e le sempre maggiori richieste da parte dei nostri Clienti, il settore nautico ha rappresentato per Noi un obbiettivo sempre pi\u00f9 stimolante, concentrando cos\u00ec i nostri sforzi non solo unicamente al settore riparazione e vendita, ma anche alle <strong>forniture dalla A alla Z per yacht e super yacht<\/strong>.[\/vc_column_text][\/vc_column][\/vc_row][vc_row wrap_container=&#8221;yes&#8221; css=&#8221;.vc_custom_1520134905992{border-bottom-width: 1px !important;padding-top: 50px !important;padding-bottom: 30px !important;border-bottom-color: #ebebeb !important;border-bottom-style: solid !important;border-radius: 1px !important;}&#8221; el_class=&#8221;about-us-history&#8221;][vc_column][vc_column_text]<\/p>\n<h2>LA NOSTRA STORIA<\/h2>\n<p>[\/vc_column_text]<div class=\"porto-carousel owl-carousel has-ccols has-ccols-spacing ccols-xl-2 ccols-lg-2 ccols-md-2 ccols-sm-1 ccols-1 wpb_custom_f14028b029b090b1bd6149abeefafb18\" data-plugin-options=\"{&quot;themeConfig&quot;:true,&quot;stagePadding&quot;:0,&quot;margin&quot;:30,&quot;autoplay&quot;:false,&quot;mouseDrag&quot;:true,&quot;touchDrag&quot;:true,&quot;autoplayTimeout&quot;:5000,&quot;autoplayHoverPause&quot;:false,&quot;items&quot;:2,&quot;xl&quot;:2,&quot;lg&quot;:2,&quot;md&quot;:2,&quot;sm&quot;:1,&quot;xs&quot;:1,&quot;nav&quot;:false,&quot;dots&quot;:&quot;yes&quot;,&quot;animateIn&quot;:&quot;&quot;,&quot;animateOut&quot;:&quot;&quot;,&quot;loop&quot;:false,&quot;center&quot;:false,&quot;video&quot;:false,&quot;lazyLoad&quot;:false,&quot;fullscreen&quot;:false}\"><div class=\"porto-u-heading  wpb_custom_95aa9a11c17ad45cfabaf210d84ee7cc porto-u-ad87e2eaf3f9c495180fe0156ddf3eb0 \"><div class=\"porto-u-main-heading\"><h3   style=\"color:#141a1f;margin-bottom: 30px;font-size:50px;line-height:50px;\">1995<\/h3><\/div><div class=\"porto-u-sub-heading\" style=\"color: #646a70;font-size:15px;line-height:29px;\">Nel 1995, spinti dalla doppia esigenza di offrire un servizio sempre efficiente ai nostri clienti e, di ampliare la nostra struttura, realizziamo la nuova sede nell\u2019attuale Via Ponchielli 25, Localit\u00e0 Ponte degli Alberi, in Montefelcino (PU): uno stabile di 1.700 mq disposto su due piani dove, il piano terra \u00e8 adibito a officina mentre piano superiore ospita una vasta esposizione.<\/div><style>.porto-u-ad87e2eaf3f9c495180fe0156ddf3eb0.porto-u-heading{text-align:left}<\/style><\/div><div class=\"porto-u-heading  wpb_custom_95aa9a11c17ad45cfabaf210d84ee7cc porto-u-ad87e2eaf3f9c495180fe0156ddf3eb0 \"><div class=\"porto-u-main-heading\"><h3   style=\"color:#141a1f;margin-bottom: 30px;font-size:50px;line-height:50px;\">2005<\/h3><\/div><div class=\"porto-u-sub-heading\" style=\"color: #646a70;font-size:15px;line-height:29px;\">Nel 2005, spinti dal desiderio di proporre un prodotto nuovo cogliamo una nuova sfida commerciale e, con la solita intraprendenza, iniziamo la vendita e la relativa assistenza di ATV (All Terrain Vehicle) e SSV. Consapevoli di proporre ai nostri Clienti un prodotto d\u2019alta gamma, con performance uniche nel settore, diveniamo concessionario Bombardier Can-Am, riuscendo in questo modo a soddisfare l\u2019esigente richiesta di mezzi, spaziando dal polivalente utility Outlander all\u2019avveniristico roadster Spyder e ai potenti SSV Maverick.<\/div><style>.porto-u-ad87e2eaf3f9c495180fe0156ddf3eb0.porto-u-heading{text-align:left}<\/style><\/div><div class=\"porto-u-heading  wpb_custom_95aa9a11c17ad45cfabaf210d84ee7cc porto-u-ad87e2eaf3f9c495180fe0156ddf3eb0 \"><div class=\"porto-u-main-heading\"><h3   style=\"color:#141a1f;margin-bottom: 30px;font-size:50px;line-height:50px;\">2009<\/h3><\/div><div class=\"porto-u-sub-heading\" style=\"color: #646a70;font-size:15px;line-height:29px;\">Il 2009 segna l&#8217;ingresso ufficiale nel mondo della nautica, con il conseguimento del titolo di dealer BRP SEA-DOO abbracciando anche il settore nautico con relativa assistenza a moto d\u2019acqua e sport boat del costruttore\u00a0canadese. Contemporaneamente nasce anche la partnership con la tedesca Weber Motor ora Textron Motor, costruttore di motori e sistemi idrogetto che equipaggiano tender Zodiac, Avon e Williams Jet Tenders. Nasce cos\u00ec la nostra nuova sfida nel settore nautico, ambiente che richiede passione, eccellenze e, soprattutto, grande seriet\u00e0.<\/div><style>.porto-u-ad87e2eaf3f9c495180fe0156ddf3eb0.porto-u-heading{text-align:left}<\/style><\/div><div class=\"porto-u-heading  wpb_custom_95aa9a11c17ad45cfabaf210d84ee7cc porto-u-ad87e2eaf3f9c495180fe0156ddf3eb0 \"><div class=\"porto-u-main-heading\"><h3   style=\"color:#141a1f;margin-bottom: 30px;font-size:50px;line-height:50px;\">2013<\/h3><\/div><div class=\"porto-u-sub-heading\" style=\"color: #646a70;font-size:15px;line-height:29px;\">Il 2013 ci vede consolidare in maniera forte la nostra presenza nel settore marine con l\u2019ottenimento della certificazione di Authorized Service Center Williams Performance Tenders. Questo prestigioso riconoscimento ci ha permesso di intraprendere importanti e strutturate collaborazioni con prestigiosi costruttori navali, di valore mondiale, come Pershing Yacht, Gruppo Azimut Benetti, Ferretti Group e ISA Yacht, Custom Line e tanti altri.<\/div><style>.porto-u-ad87e2eaf3f9c495180fe0156ddf3eb0.porto-u-heading{text-align:left}<\/style><\/div><div class=\"porto-u-heading  wpb_custom_95aa9a11c17ad45cfabaf210d84ee7cc porto-u-ad87e2eaf3f9c495180fe0156ddf3eb0 \"><div class=\"porto-u-main-heading\"><h3   style=\"color:#141a1f;margin-bottom: 30px;font-size:50px;line-height:50px;\">2019<\/h3><\/div><div class=\"porto-u-sub-heading\" style=\"color: #646a70;font-size:15px;line-height:29px;\">Il focus della nostra Azienda ci porta a intraprendere sempre nuove sfide e ampliare il nostro know how cos\u00ec da soddisfare a pieno e con competenza le richieste dei sempre maggiori Clienti. Tutto ci\u00f2 si concretizza con l&#8217;affiliazione alla Yanmar Italia, brand distribuito dalla genovese Cartello S.r.l. \u2028Questo passo consolida la nostra presenza nel segmento diesel marino da diporto e lavoro.<\/div><style>.porto-u-ad87e2eaf3f9c495180fe0156ddf3eb0.porto-u-heading{text-align:left}<\/style><\/div><div class=\"porto-u-heading  wpb_custom_95aa9a11c17ad45cfabaf210d84ee7cc porto-u-ad87e2eaf3f9c495180fe0156ddf3eb0 \"><div class=\"porto-u-main-heading\"><h3   style=\"color:#141a1f;margin-bottom: 30px;font-size:50px;line-height:50px;\">2020<\/h3><\/div><div class=\"porto-u-sub-heading\" style=\"color: #646a70;font-size:15px;line-height:29px;\">Dalle sempre maggiori richieste dei nostri Clienti che da tutto il Europa richiedono la nostra assistenza per la fornitura di materiali e ricambi nasce l&#8217;idea di strutturare un brand dedicato al settore \u201cship shender\u201d. Nasce Supplies On Board, il nostro marchio dedicato alla fornitura di tutto ci\u00f2 che uno yacht o maxi yacht necessita per avere una esperienza di bordo serena, completa e efficiente.<\/div><style>.porto-u-ad87e2eaf3f9c495180fe0156ddf3eb0.porto-u-heading{text-align:left}<\/style><\/div><\/div>[\/vc_column][\/vc_row][vc_row wrap_container=&#8221;yes&#8221; css=&#8221;.vc_custom_1520135308234{border-bottom-width: 1px !important;padding-top: 50px !important;padding-bottom: 10px !important;border-bottom-color: #ebebeb !important;border-bottom-style: solid !important;border-radius: 1px !important;}&#8221; el_class=&#8221;about-us-history&#8221;][vc_column][vc_column_text]<\/p>\n<h2>IL NOSTRO STAFF<\/h2>\n<p>[\/vc_column_text]<div class=\"porto-members porto-membersfizq wpb_content_element wpb_custom_1901ccc09898bca24eac0901508d5abb\">\r\n\t<div class=\"page-members clearfix\" id=\"porto_members_i0ep\">\r\n\r\n\t\t\r\n\t\t\r\n\t\t\r\n\t\t\t\t\t<div class=\"members-container member-row row ccols-wrap ccols-md-2 ccols-1\">\r\n\t\t\t\r\n\t<article class=\"member staff post-6461 type-member status-publish has-post-thumbnail hentry member_cat-staff\">\r\n\t\t\t\t<h3 class=\"entry-title\" style=\"display: none;\">Roberto Latini<\/h3><span class=\"vcard\" style=\"display: none;\"><span class=\"fn\"><a href=\"https:\/\/www.suppliesonboard.it\/en\/author\/admin\/\" title=\"Posts by admin\" rel=\"author\">admin<\/a><\/span><\/span><span class=\"updated\" style=\"display:none\">2026-03-31T15:19:41+00:00<\/span>\t\t<div class=\"member-item  align-center member-item-2\">\r\n\t\t\t<div class=\"thumb-info thumb-info-hide-wrapper-bg thumb-info-no-zoom\">\r\n\r\n\t\t\t\t<div class=\"thumb-info-wrapper \">\r\n\t\t\t\t\t\t\t\t\t\t<div class=\"thumb-member-container \">\r\n\t\t\t\t\t\t<a class=\"text-decoration-none member-image\" aria-label=\"Go To Single Member\" href=\"https:\/\/www.suppliesonboard.it\/en\/member\/roberto-latini\/\">\r\n\t\t\t\t\t\t<img loading=\"lazy\" decoding=\"async\" class=\"img-responsive\" width=\"560\" height=\"560\" src=\"https:\/\/www.suppliesonboard.it\/wp-content\/uploads\/2016\/06\/roberto-latini-1-560x560.jpg\" alt=\"\" \/>\r\n\t\t\t\t\t\t<\/a>\r\n\r\n\t\t\t\t\t\t\t\t\t\t\t<\/div>\r\n\t\t\t\t\t<a aria-label=\"Go To the single member\" class=\"text-decoration-none member-info-container\" href=\"https:\/\/www.suppliesonboard.it\/en\/member\/roberto-latini\/\">\r\n\t\t\t\t\t\t\t\t\t\t\t\t\t\t\t\t\t<span class=\"zoom\" data-src=\"https:\/\/www.suppliesonboard.it\/wp-content\/uploads\/2016\/06\/roberto-latini-1.jpg\" data-title=\"\"><i class=\"fas fa-search\"><\/i><\/span>\r\n\t\t\t\t\t\t\t\t\t\t<\/a>\r\n\t\t\t\t<\/div>\r\n\t\t\t\t<!--Thumb info wrapper end-->\r\n\t\t\t\t<!--Thumb info container -->\r\n\t\t\t\t<div class=\"thumb-info-container\"> \r\n\t\t\t\t\t<a aria-label=\"Roberto Latini\" class=\"text-decoration-none member-info-container\" href=\"https:\/\/www.suppliesonboard.it\/en\/member\/roberto-latini\/\">\r\n\t\t\t\t\t\t\t\t\t\t\t\t<h4 aria-level=\"3\" class=\"member-name m-t-md m-b-none\">Roberto Latini<\/h4>\r\n\t\t\t\t\t\t\t\t\t\t\t\t\t\t<p class=\"member-role m-b-sm color-body\">Owner<\/p>\r\n\t\t\t\t\t\t\t\t\t\t\t\t\t\t\t\t\t\t\t\t\t\t<\/a>\r\n\r\n\t\t\t\t\t\t\t\t\t\t\t\t\t\t<\/div>\r\n\t\t\t<\/div>\r\n\t\t<\/div>\r\n\t<\/article>\r\n\t\r\n\t<article class=\"member staff post-6475 type-member status-publish has-post-thumbnail hentry member_cat-staff\">\r\n\t\t\t\t<h3 class=\"entry-title\" style=\"display: none;\">Andrea Latini<\/h3><span class=\"vcard\" style=\"display: none;\"><span class=\"fn\"><a href=\"https:\/\/www.suppliesonboard.it\/en\/author\/admin\/\" title=\"Posts by admin\" rel=\"author\">admin<\/a><\/span><\/span><span class=\"updated\" style=\"display:none\">2026-03-31T15:20:26+00:00<\/span>\t\t<div class=\"member-item  align-center member-item-2\">\r\n\t\t\t<div class=\"thumb-info thumb-info-hide-wrapper-bg thumb-info-no-zoom\">\r\n\r\n\t\t\t\t<div class=\"thumb-info-wrapper \">\r\n\t\t\t\t\t\t\t\t\t\t<div class=\"thumb-member-container \">\r\n\t\t\t\t\t\t<a class=\"text-decoration-none member-image\" aria-label=\"Go To Single Member\" href=\"https:\/\/www.suppliesonboard.it\/en\/member\/andrea-latini\/\">\r\n\t\t\t\t\t\t<img loading=\"lazy\" decoding=\"async\" class=\"img-responsive\" width=\"560\" height=\"560\" src=\"https:\/\/www.suppliesonboard.it\/wp-content\/uploads\/2016\/06\/latini-andrea-560x560.jpg\" alt=\"\" \/>\r\n\t\t\t\t\t\t<\/a>\r\n\r\n\t\t\t\t\t\t\t\t\t\t\t<\/div>\r\n\t\t\t\t\t<a aria-label=\"Go To the single member\" class=\"text-decoration-none member-info-container\" href=\"https:\/\/www.suppliesonboard.it\/en\/member\/andrea-latini\/\">\r\n\t\t\t\t\t\t\t\t\t\t\t\t\t\t\t\t\t<span class=\"zoom\" data-src=\"https:\/\/www.suppliesonboard.it\/wp-content\/uploads\/2016\/06\/latini-andrea.jpg\" data-title=\"\"><i class=\"fas fa-search\"><\/i><\/span>\r\n\t\t\t\t\t\t\t\t\t\t<\/a>\r\n\t\t\t\t<\/div>\r\n\t\t\t\t<!--Thumb info wrapper end-->\r\n\t\t\t\t<!--Thumb info container -->\r\n\t\t\t\t<div class=\"thumb-info-container\"> \r\n\t\t\t\t\t<a aria-label=\"Andrea Latini\" class=\"text-decoration-none member-info-container\" href=\"https:\/\/www.suppliesonboard.it\/en\/member\/andrea-latini\/\">\r\n\t\t\t\t\t\t\t\t\t\t\t\t<h4 aria-level=\"3\" class=\"member-name m-t-md m-b-none\">Andrea Latini<\/h4>\r\n\t\t\t\t\t\t\t\t\t\t\t\t\t\t<p class=\"member-role m-b-sm color-body\">Marketing<\/p>\r\n\t\t\t\t\t\t\t\t\t\t\t\t\t\t\t\t\t\t\t\t\t\t<\/a>\r\n\r\n\t\t\t\t\t\t\t\t\t\t\t\t\t\t<\/div>\r\n\t\t\t<\/div>\r\n\t\t<\/div>\r\n\t<\/article>\r\n\t\t\t\t<\/div>\r\n\t\t\r\n\t\t\r\n\t<\/div>\r\n\r\n\t\r\n\t<\/div>[\/vc_column][\/vc_row]<\/p>\n<\/div>","protected":false},"excerpt":{"rendered":"<p>[vc_row wrap_container=&#8221;yes&#8221; css=&#8221;.vc_custom_1662974625830{border-bottom-width: 1px !important;padding-top: 20px !important;padding-bottom: 30px !important;border-bottom-color: #ebebeb !important;border-bottom-style: solid !important;border-radius: 1px !important;}&#8221; conditional_render=&#8221;%5B%7B%22value_role%22%3A%22administrator%22%7D%5D&#8221;][vc_column][vc_column_text css=&#8221;&#8221; css_params=&#8221;&#8221;] ABOUT US [\/vc_column_text][vc_column_text]L\u2019azienda venne fondata nel 1989 sotto la direzione, ma soprattutto dalla passione motoristica, del titolare Latini Roberto. Sin da subito la nostra attivit\u00e0 si \u00e8 contraddistinta per la grande professionalit\u00e0, trasparenza unita alla correttezza e, [&hellip;]<\/p>\n","protected":false},"author":1,"featured_media":0,"parent":0,"menu_order":0,"comment_status":"closed","ping_status":"closed","template":"","meta":{"footnotes":""},"class_list":["post-6358","page","type-page","status-publish","hentry"],"yoast_head":"<!-- This site is optimized with the Yoast SEO plugin v27.4 - https:\/\/yoast.com\/product\/yoast-seo-wordpress\/ -->\n<title>Company - Supplies on board - Yacht service<\/title>\n<meta name=\"description\" content=\"Latini group marine azienda con un focus nella fornitura di materiali attrezzature food beverage per yacht e super yacht supplies on board\" \/>\n<meta name=\"robots\" content=\"index, follow, max-snippet:-1, max-image-preview:large, max-video-preview:-1\" \/>\n<link rel=\"canonical\" href=\"https:\/\/www.suppliesonboard.it\/en\/company-supplies-on-board\/\" \/>\n<meta property=\"og:locale\" content=\"en_US\" \/>\n<meta property=\"og:type\" content=\"article\" \/>\n<meta property=\"og:title\" content=\"Company - Supplies on board - Yacht service\" \/>\n<meta property=\"og:description\" content=\"Latini group marine azienda con un focus nella fornitura di materiali attrezzature food beverage per yacht e super yacht supplies on board\" \/>\n<meta property=\"og:url\" content=\"https:\/\/www.suppliesonboard.it\/en\/company-supplies-on-board\/\" \/>\n<meta property=\"og:site_name\" content=\"Supplies on board - Yacht service\" \/>\n<meta property=\"article:modified_time\" content=\"2026-03-31T09:40:07+00:00\" \/>\n<meta name=\"twitter:card\" content=\"summary_large_image\" \/>\n<meta name=\"twitter:label1\" content=\"Est. reading time\" \/>\n\t<meta name=\"twitter:data1\" content=\"4 minutes\" \/>\n<script type=\"application\/ld+json\" class=\"yoast-schema-graph\">{\"@context\":\"https:\\\/\\\/schema.org\",\"@graph\":[{\"@type\":\"WebPage\",\"@id\":\"https:\\\/\\\/www.suppliesonboard.it\\\/en\\\/company-supplies-on-board\\\/\",\"url\":\"https:\\\/\\\/www.suppliesonboard.it\\\/en\\\/company-supplies-on-board\\\/\",\"name\":\"Company - Supplies on board - Yacht service\",\"isPartOf\":{\"@id\":\"https:\\\/\\\/www.suppliesonboard.it\\\/en\\\/#website\"},\"datePublished\":\"2016-06-13T15:48:45+00:00\",\"dateModified\":\"2026-03-31T09:40:07+00:00\",\"description\":\"Latini group marine azienda con un focus nella fornitura di materiali attrezzature food beverage per yacht e super yacht supplies on board\",\"breadcrumb\":{\"@id\":\"https:\\\/\\\/www.suppliesonboard.it\\\/en\\\/company-supplies-on-board\\\/#breadcrumb\"},\"inLanguage\":\"en-US\",\"potentialAction\":[{\"@type\":\"ReadAction\",\"target\":[\"https:\\\/\\\/www.suppliesonboard.it\\\/en\\\/company-supplies-on-board\\\/\"]}]},{\"@type\":\"BreadcrumbList\",\"@id\":\"https:\\\/\\\/www.suppliesonboard.it\\\/en\\\/company-supplies-on-board\\\/#breadcrumb\",\"itemListElement\":[{\"@type\":\"ListItem\",\"position\":1,\"name\":\"Home\",\"item\":\"https:\\\/\\\/www.suppliesonboard.it\\\/en\\\/home\\\/\"},{\"@type\":\"ListItem\",\"position\":2,\"name\":\"Company\"}]},{\"@type\":\"WebSite\",\"@id\":\"https:\\\/\\\/www.suppliesonboard.it\\\/en\\\/#website\",\"url\":\"https:\\\/\\\/www.suppliesonboard.it\\\/en\\\/\",\"name\":\"Supplies on board - Yacht service\",\"description\":\"Forniture navali - yacht supply\",\"publisher\":{\"@id\":\"https:\\\/\\\/www.suppliesonboard.it\\\/en\\\/#organization\"},\"potentialAction\":[{\"@type\":\"SearchAction\",\"target\":{\"@type\":\"EntryPoint\",\"urlTemplate\":\"https:\\\/\\\/www.suppliesonboard.it\\\/en\\\/?s={search_term_string}\"},\"query-input\":{\"@type\":\"PropertyValueSpecification\",\"valueRequired\":true,\"valueName\":\"search_term_string\"}}],\"inLanguage\":\"en-US\"},{\"@type\":\"Organization\",\"@id\":\"https:\\\/\\\/www.suppliesonboard.it\\\/en\\\/#organization\",\"name\":\"Supplies on board - Yacht service\",\"url\":\"https:\\\/\\\/www.suppliesonboard.it\\\/en\\\/\",\"logo\":{\"@type\":\"ImageObject\",\"inLanguage\":\"en-US\",\"@id\":\"https:\\\/\\\/www.suppliesonboard.it\\\/en\\\/#\\\/schema\\\/logo\\\/image\\\/\",\"url\":\"https:\\\/\\\/www.suppliesonboard.it\\\/wp-content\\\/uploads\\\/2024\\\/01\\\/cropped-Icona-Supplies.png\",\"contentUrl\":\"https:\\\/\\\/www.suppliesonboard.it\\\/wp-content\\\/uploads\\\/2024\\\/01\\\/cropped-Icona-Supplies.png\",\"width\":512,\"height\":512,\"caption\":\"Supplies on board - Yacht service\"},\"image\":{\"@id\":\"https:\\\/\\\/www.suppliesonboard.it\\\/en\\\/#\\\/schema\\\/logo\\\/image\\\/\"}}]}<\/script>\n<!-- \/ Yoast SEO plugin. -->","yoast_head_json":{"title":"Company - Supplies on board - Yacht service","description":"Latini group marine azienda con un focus nella fornitura di materiali attrezzature food beverage per yacht e super yacht supplies on board","robots":{"index":"index","follow":"follow","max-snippet":"max-snippet:-1","max-image-preview":"max-image-preview:large","max-video-preview":"max-video-preview:-1"},"canonical":"https:\/\/www.suppliesonboard.it\/en\/company-supplies-on-board\/","og_locale":"en_US","og_type":"article","og_title":"Company - Supplies on board - Yacht service","og_description":"Latini group marine azienda con un focus nella fornitura di materiali attrezzature food beverage per yacht e super yacht supplies on board","og_url":"https:\/\/www.suppliesonboard.it\/en\/company-supplies-on-board\/","og_site_name":"Supplies on board - Yacht service","article_modified_time":"2026-03-31T09:40:07+00:00","twitter_card":"summary_large_image","twitter_misc":{"Est. reading time":"4 minutes"},"schema":{"@context":"https:\/\/schema.org","@graph":[{"@type":"WebPage","@id":"https:\/\/www.suppliesonboard.it\/en\/company-supplies-on-board\/","url":"https:\/\/www.suppliesonboard.it\/en\/company-supplies-on-board\/","name":"Company - Supplies on board - Yacht service","isPartOf":{"@id":"https:\/\/www.suppliesonboard.it\/en\/#website"},"datePublished":"2016-06-13T15:48:45+00:00","dateModified":"2026-03-31T09:40:07+00:00","description":"Latini group marine azienda con un focus nella fornitura di materiali attrezzature food beverage per yacht e super yacht supplies on board","breadcrumb":{"@id":"https:\/\/www.suppliesonboard.it\/en\/company-supplies-on-board\/#breadcrumb"},"inLanguage":"en-US","potentialAction":[{"@type":"ReadAction","target":["https:\/\/www.suppliesonboard.it\/en\/company-supplies-on-board\/"]}]},{"@type":"BreadcrumbList","@id":"https:\/\/www.suppliesonboard.it\/en\/company-supplies-on-board\/#breadcrumb","itemListElement":[{"@type":"ListItem","position":1,"name":"Home","item":"https:\/\/www.suppliesonboard.it\/en\/home\/"},{"@type":"ListItem","position":2,"name":"Company"}]},{"@type":"WebSite","@id":"https:\/\/www.suppliesonboard.it\/en\/#website","url":"https:\/\/www.suppliesonboard.it\/en\/","name":"Supplies on board - Yacht service","description":"Forniture navali - yacht supply","publisher":{"@id":"https:\/\/www.suppliesonboard.it\/en\/#organization"},"potentialAction":[{"@type":"SearchAction","target":{"@type":"EntryPoint","urlTemplate":"https:\/\/www.suppliesonboard.it\/en\/?s={search_term_string}"},"query-input":{"@type":"PropertyValueSpecification","valueRequired":true,"valueName":"search_term_string"}}],"inLanguage":"en-US"},{"@type":"Organization","@id":"https:\/\/www.suppliesonboard.it\/en\/#organization","name":"Supplies on board - Yacht service","url":"https:\/\/www.suppliesonboard.it\/en\/","logo":{"@type":"ImageObject","inLanguage":"en-US","@id":"https:\/\/www.suppliesonboard.it\/en\/#\/schema\/logo\/image\/","url":"https:\/\/www.suppliesonboard.it\/wp-content\/uploads\/2024\/01\/cropped-Icona-Supplies.png","contentUrl":"https:\/\/www.suppliesonboard.it\/wp-content\/uploads\/2024\/01\/cropped-Icona-Supplies.png","width":512,"height":512,"caption":"Supplies on board - Yacht service"},"image":{"@id":"https:\/\/www.suppliesonboard.it\/en\/#\/schema\/logo\/image\/"}}]}},"_links":{"self":[{"href":"https:\/\/www.suppliesonboard.it\/en\/wp-json\/wp\/v2\/pages\/6358","targetHints":{"allow":["GET"]}}],"collection":[{"href":"https:\/\/www.suppliesonboard.it\/en\/wp-json\/wp\/v2\/pages"}],"about":[{"href":"https:\/\/www.suppliesonboard.it\/en\/wp-json\/wp\/v2\/types\/page"}],"author":[{"embeddable":true,"href":"https:\/\/www.suppliesonboard.it\/en\/wp-json\/wp\/v2\/users\/1"}],"replies":[{"embeddable":true,"href":"https:\/\/www.suppliesonboard.it\/en\/wp-json\/wp\/v2\/comments?post=6358"}],"version-history":[{"count":2,"href":"https:\/\/www.suppliesonboard.it\/en\/wp-json\/wp\/v2\/pages\/6358\/revisions"}],"predecessor-version":[{"id":6360,"href":"https:\/\/www.suppliesonboard.it\/en\/wp-json\/wp\/v2\/pages\/6358\/revisions\/6360"}],"wp:attachment":[{"href":"https:\/\/www.suppliesonboard.it\/en\/wp-json\/wp\/v2\/media?parent=6358"}],"curies":[{"name":"wp","href":"https:\/\/api.w.org\/{rel}","templated":true}]}}