{"id":7821,"date":"2025-02-10T11:08:31","date_gmt":"2025-02-10T11:08:31","guid":{"rendered":"https:\/\/www.suppliesonboard.it\/shop\/uncategorized\/sea-doo-cooler-bag-43-l\/"},"modified":"2025-02-10T11:08:31","modified_gmt":"2025-02-10T11:08:31","slug":"sea-doo-cooler-bag-43-l","status":"publish","type":"product","link":"https:\/\/www.suppliesonboard.it\/en\/shop\/senza-categoria\/sea-doo-accessories\/bags-trunks-dry-bags\/sea-doo-cooler-bag-43-l\/","title":{"rendered":"Sea-Doo Cooler Bag 43 L"},"content":{"rendered":"<h4 class=\"lRu31\" dir=\"ltr\"><span class=\"HwtZe\" lang=\"it\"><span class=\"jCAhz ChMk0b\"><span class=\"ryNqvb\">Specifications <\/span><\/span><\/span><\/h4>\n<ul>\n<li class=\"lRu31\" dir=\"ltr\"><span class=\"HwtZe\" lang=\"it\"><span class=\"jCAhz ChMk0b\"><span class=\"ryNqvb\">The versatile 16&#8243; LinQ configuration fits many vehicles. <\/span><\/span><\/span><\/li>\n<li class=\"lRu31\" dir=\"ltr\"><span class=\"HwtZe\" lang=\"it\"><span class=\"jCAhz ChMk0b\"><span class=\"ryNqvb\">High-quality injection-molded impact-resistant polypropylene outer shell for exceptional durability. <\/span><\/span><\/span><\/li>\n<li class=\"lRu31\" dir=\"ltr\"><span class=\"HwtZe\" lang=\"it\"><span class=\"jCAhz ChMk0b\"><span class=\"ryNqvb\">High-quality insulation for optimal ice retention. <\/span><\/span><\/span><\/li>\n<li class=\"lRu31\" dir=\"ltr\"><span class=\"HwtZe\" lang=\"it\"><span class=\"jCAhz ChMk0b\"><span class=\"ryNqvb\">Thicker insulation at the bottom to isolate vehicle heat. <\/span><\/span><\/span><\/li>\n<li class=\"lRu31\" dir=\"ltr\"><span class=\"HwtZe\" lang=\"it\"><span class=\"jCAhz ChMk0b\"><span class=\"ryNqvb\">Capacity of 11.4 US gallons (43 L). Keeps ice cold for 6 days.  <\/span><\/span><\/span><\/li>\n<li class=\"lRu31\" dir=\"ltr\"><span class=\"HwtZe\" lang=\"it\"><span class=\"jCAhz ChMk0b\"><span class=\"ryNqvb\">Can hold sixty 355 ml cans. <\/span><\/span><\/span><\/li>\n<li class=\"lRu31\" dir=\"ltr\"><span class=\"HwtZe\" lang=\"it\"><span class=\"jCAhz ChMk0b\"><span class=\"ryNqvb\">Mounted on LinQ for quick, easy, and secure storage. <\/span><\/span><\/span><\/li>\n<li class=\"lRu31\" dir=\"ltr\"><span class=\"HwtZe\" lang=\"it\"><span class=\"jCAhz ChMk0b\"><span class=\"ryNqvb\">Locks in place with just a quarter turn. <\/span><\/span><\/span><\/li>\n<li class=\"lRu31\" dir=\"ltr\"><span class=\"HwtZe\" lang=\"it\"><span class=\"jCAhz ChMk0b\"><span class=\"ryNqvb\">Rigid handles make carrying easy. <\/span><\/span><\/span><\/li>\n<li class=\"lRu31\" dir=\"ltr\"><span class=\"HwtZe\" lang=\"it\"><span class=\"jCAhz ChMk0b\"><span class=\"ryNqvb\">Horizontal locking handles allow for LinQ Lite accessory installation. <\/span><\/span><\/span><\/li>\n<li class=\"lRu31\" dir=\"ltr\"><span class=\"HwtZe\" lang=\"it\"><span class=\"jCAhz ChMk0b\"><span class=\"ryNqvb\">Dry basket included to protect items. <\/span><\/span><\/span><\/li>\n<li class=\"lRu31\" dir=\"ltr\"><span class=\"HwtZe\" lang=\"it\"><span class=\"jCAhz ChMk0b\"><span class=\"ryNqvb\">Drain plug at the bottom to evacuate water. <\/span><\/span><\/span><\/li>\n<li class=\"lRu31\" dir=\"ltr\"><span class=\"HwtZe\" lang=\"it\"><span class=\"jCAhz ChMk0b\"><span class=\"ryNqvb\">The new ergonomic and secure closure system offers excellent sealing. <\/span><\/span><\/span><\/li>\n<li class=\"lRu31\" dir=\"ltr\"><span class=\"HwtZe\" lang=\"it\"><span class=\"jCAhz ChMk0b\"><span class=\"ryNqvb\">Ability to lock the cooler with a padlock. <\/span><\/span><\/span><\/li>\n<li class=\"lRu31\" dir=\"ltr\"><span class=\"HwtZe\" lang=\"it\"><span class=\"jCAhz ChMk0b\"><span class=\"ryNqvb\">Inside the Sea-Doo Switch, the cooler can be installed lengthwise or widthwise to meet your needs. <\/span><\/span><\/span><\/li>\n<li class=\"lRu31\" dir=\"ltr\"><span class=\"HwtZe\" lang=\"it\"><span class=\"jCAhz ChMk0b\"><span class=\"ryNqvb\">LinQ Cargo Base Kit (715008125) required for installation on Can-Am vehicles (except Maverick R).<\/span><\/span><\/span>\n<div class=\"OvtS8d\"><\/div>\n<div id=\"ow24\"><\/div>\n<\/li>\n<\/ul>\n<div class=\"UdTY9 WdefRb\" aria-hidden=\"true\" data-location=\"2\">\n<div class=\"kO6q6e\"><\/div>\n<\/div>\n<div class=\"XL3Kf XExWNc\">\n<div class=\"a8FIud\">\n<div data-show-delay-ms=\"250\" data-append-to-body=\"false\" data-propagate-tooltip-mouseover-events=\"true\" data-anchor-corner=\"bottom-end\" data-enable-skip-handler=\"true\" data-popup-corner=\"top-end\">\n<div class=\"dig2sb\"><\/div>\n<\/div>\n<\/div>\n<\/div>\n<div class=\"ebT7ne VOLvac sMVRZe\">\n<div class=\"F0pQVc\"><\/div>\n<\/div>\n<div class=\"VO9ucd\">\n<div class=\"aJIq1d\" dir=\"ltr\" data-language-code=\"it\" data-language-name=\"Italiano\" data-text=\"Specifiche La versatile configurazione LinQ da 16\" si adatta a molti veicoli. Guscio esterno in polipropilene antiurto stampato a iniezione di alta qualit\u00e0 per una durata eccezionale. Isolamento di alta qualit\u00e0 per una ritenzione ottimale del ghiaccio. Isolamento pi\u00f9 spesso sul fondo per isolare il calore del veicolo. Capacit\u00e0 di 11,4 galloni USA (43 l). Mantiene il ghiaccio freddo per 6 giorni. Pu\u00f2 contenere sessanta lattine da 355 ml. Montato su LinQ per uno stoccaggio rapido, facile e sicuro. Si blocca in posizione con un solo quarto di giro. Le maniglie rigide facilitano il trasporto. Le maniglie di bloccaggio orizzontali consentono l'installazione degli accessori LinQ Lite. Cestello asciutto incluso per proteggere gli oggetti. Tappo di scarico sul fondo per evacuare l'acqua. Il nuovo sistema di chiusura ergonomico e sicuro offre un'eccellente tenuta. Possibilit\u00e0 di bloccare il refrigeratore con un lucchetto. All'interno del Sea-Doo Switch, il refrigeratore pu\u00f2 essere installato in lunghezza o larghezza per soddisfare le tue esigenze. Kit base di carico LinQ (715008125) necessario per l'installazione sui veicoli Can-Am (tranne Maverick R).\" data-crosslingual-hint=\"\" data-location=\"2\" data-enable-toggle-playback-speed=\"true\" data-results-count=\"1\" data-result-index=\"1\">\n<div class=\"m0Qfkd\"><\/div>\n<\/div>\n<\/div>\n","protected":false},"excerpt":{"rendered":"<p>Specifications The versatile 16&#8243; LinQ configuration fits many vehicles. High-quality injection-molded impact-resistant polypropylene outer shell for exceptional durability. High-quality insulation for optimal ice retention. Thicker insulation at the bottom to isolate vehicle heat. Capacity of 11.4 US gallons (43 L). Keeps ice cold for 6 days. Can hold sixty 355 ml cans. Mounted on LinQ [&hellip;]<\/p>\n","protected":false},"featured_media":5618,"template":"","meta":[],"product_brand":[],"product_cat":[2796,2752,2345],"product_tag":[2535,2738,2809,2777,2806,2808,3589,2528,2530,2489,2552,2490],"class_list":{"0":"post-7821","1":"product","2":"type-product","3":"status-publish","4":"has-post-thumbnail","6":"product_cat-bags-trunks-dry-bags","7":"product_cat-sea-doo-accessories","8":"product_cat-senza-categoria","9":"product_tag-rotax","10":"product_tag-sea-doo","11":"product_tag-sea-doo-gtx","12":"product_tag-sea-doo-life","13":"product_tag-sea-doo-rxp","14":"product_tag-sea-doo-spark-2","15":"product_tag-seadoo-rxt","16":"product_tag-seadooaccessories","17":"product_tag-water-toys","18":"product_tag-yacht-life","19":"product_tag-yacht-style","20":"product_tag-yacht-tender","22":"first","23":"instock","24":"sale","25":"featured","26":"taxable","27":"shipping-taxable","28":"purchasable","29":"product-type-simple"},"yoast_head":"<!-- This site is optimized with the Yoast SEO plugin v27.4 - https:\/\/yoast.com\/product\/yoast-seo-wordpress\/ -->\n<title>Sea-Doo Cooler Bag 43 L - Supplies on board - Yacht service<\/title>\n<meta name=\"description\" content=\"Sea-Doo accessories 2025, Sea-Doo hard cooler, 43-liter capacity, for all Sea-Doo watercraft models.\" \/>\n<meta name=\"robots\" content=\"index, follow, max-snippet:-1, max-image-preview:large, max-video-preview:-1\" \/>\n<link rel=\"canonical\" href=\"https:\/\/www.suppliesonboard.it\/en\/shop\/senza-categoria\/sea-doo-accessories\/bags-trunks-dry-bags\/sea-doo-cooler-bag-43-l\/\" \/>\n<meta property=\"og:locale\" content=\"en_US\" \/>\n<meta property=\"og:type\" content=\"article\" \/>\n<meta property=\"og:title\" content=\"Sea-Doo Cooler Bag 43 L - Supplies on board - Yacht service\" \/>\n<meta property=\"og:description\" content=\"Sea-Doo accessories 2025, Sea-Doo hard cooler, 43-liter capacity, for all Sea-Doo watercraft models.\" \/>\n<meta property=\"og:url\" content=\"https:\/\/www.suppliesonboard.it\/en\/shop\/senza-categoria\/sea-doo-accessories\/bags-trunks-dry-bags\/sea-doo-cooler-bag-43-l\/\" \/>\n<meta property=\"og:site_name\" content=\"Supplies on board - Yacht service\" \/>\n<meta property=\"og:image\" content=\"https:\/\/www.suppliesonboard.it\/wp-content\/uploads\/2025\/02\/sea-doo-cooler-43-litri.jpg\" \/>\n\t<meta property=\"og:image:width\" content=\"1920\" \/>\n\t<meta property=\"og:image:height\" content=\"1920\" \/>\n\t<meta property=\"og:image:type\" content=\"image\/jpeg\" \/>\n<meta name=\"twitter:card\" content=\"summary_large_image\" \/>\n<meta name=\"twitter:label1\" content=\"Est. reading time\" \/>\n\t<meta name=\"twitter:data1\" content=\"1 minute\" \/>\n<script type=\"application\/ld+json\" class=\"yoast-schema-graph\">{\"@context\":\"https:\\\/\\\/schema.org\",\"@graph\":[{\"@type\":\"WebPage\",\"@id\":\"https:\\\/\\\/www.suppliesonboard.it\\\/en\\\/shop\\\/senza-categoria\\\/sea-doo-accessories\\\/bags-trunks-dry-bags\\\/sea-doo-cooler-bag-43-l\\\/\",\"url\":\"https:\\\/\\\/www.suppliesonboard.it\\\/en\\\/shop\\\/senza-categoria\\\/sea-doo-accessories\\\/bags-trunks-dry-bags\\\/sea-doo-cooler-bag-43-l\\\/\",\"name\":\"Sea-Doo Cooler Bag 43 L - Supplies on board - Yacht service\",\"isPartOf\":{\"@id\":\"https:\\\/\\\/www.suppliesonboard.it\\\/en\\\/#website\"},\"primaryImageOfPage\":{\"@id\":\"https:\\\/\\\/www.suppliesonboard.it\\\/en\\\/shop\\\/senza-categoria\\\/sea-doo-accessories\\\/bags-trunks-dry-bags\\\/sea-doo-cooler-bag-43-l\\\/#primaryimage\"},\"image\":{\"@id\":\"https:\\\/\\\/www.suppliesonboard.it\\\/en\\\/shop\\\/senza-categoria\\\/sea-doo-accessories\\\/bags-trunks-dry-bags\\\/sea-doo-cooler-bag-43-l\\\/#primaryimage\"},\"thumbnailUrl\":\"https:\\\/\\\/www.suppliesonboard.it\\\/wp-content\\\/uploads\\\/2025\\\/02\\\/sea-doo-cooler-43-litri.jpg\",\"datePublished\":\"2025-02-10T11:08:31+00:00\",\"description\":\"Sea-Doo accessories 2025, Sea-Doo hard cooler, 43-liter capacity, for all Sea-Doo watercraft models.\",\"breadcrumb\":{\"@id\":\"https:\\\/\\\/www.suppliesonboard.it\\\/en\\\/shop\\\/senza-categoria\\\/sea-doo-accessories\\\/bags-trunks-dry-bags\\\/sea-doo-cooler-bag-43-l\\\/#breadcrumb\"},\"inLanguage\":\"en-US\",\"potentialAction\":[{\"@type\":\"ReadAction\",\"target\":[\"https:\\\/\\\/www.suppliesonboard.it\\\/en\\\/shop\\\/senza-categoria\\\/sea-doo-accessories\\\/bags-trunks-dry-bags\\\/sea-doo-cooler-bag-43-l\\\/\"]}]},{\"@type\":\"ImageObject\",\"inLanguage\":\"en-US\",\"@id\":\"https:\\\/\\\/www.suppliesonboard.it\\\/en\\\/shop\\\/senza-categoria\\\/sea-doo-accessories\\\/bags-trunks-dry-bags\\\/sea-doo-cooler-bag-43-l\\\/#primaryimage\",\"url\":\"https:\\\/\\\/www.suppliesonboard.it\\\/wp-content\\\/uploads\\\/2025\\\/02\\\/sea-doo-cooler-43-litri.jpg\",\"contentUrl\":\"https:\\\/\\\/www.suppliesonboard.it\\\/wp-content\\\/uploads\\\/2025\\\/02\\\/sea-doo-cooler-43-litri.jpg\",\"width\":1920,\"height\":1920},{\"@type\":\"BreadcrumbList\",\"@id\":\"https:\\\/\\\/www.suppliesonboard.it\\\/en\\\/shop\\\/senza-categoria\\\/sea-doo-accessories\\\/bags-trunks-dry-bags\\\/sea-doo-cooler-bag-43-l\\\/#breadcrumb\",\"itemListElement\":[{\"@type\":\"ListItem\",\"position\":1,\"name\":\"Home\",\"item\":\"https:\\\/\\\/www.suppliesonboard.it\\\/en\\\/home\\\/\"},{\"@type\":\"ListItem\",\"position\":2,\"name\":\"Shop\",\"item\":\"https:\\\/\\\/www.suppliesonboard.it\\\/en\\\/shop\\\/\"},{\"@type\":\"ListItem\",\"position\":3,\"name\":\"Sea-Doo Cooler Bag 43 L\"}]},{\"@type\":\"WebSite\",\"@id\":\"https:\\\/\\\/www.suppliesonboard.it\\\/en\\\/#website\",\"url\":\"https:\\\/\\\/www.suppliesonboard.it\\\/en\\\/\",\"name\":\"Supplies on board - Yacht service\",\"description\":\"Forniture navali - yacht supply\",\"publisher\":{\"@id\":\"https:\\\/\\\/www.suppliesonboard.it\\\/en\\\/#organization\"},\"potentialAction\":[{\"@type\":\"SearchAction\",\"target\":{\"@type\":\"EntryPoint\",\"urlTemplate\":\"https:\\\/\\\/www.suppliesonboard.it\\\/en\\\/?s={search_term_string}\"},\"query-input\":{\"@type\":\"PropertyValueSpecification\",\"valueRequired\":true,\"valueName\":\"search_term_string\"}}],\"inLanguage\":\"en-US\"},{\"@type\":\"Organization\",\"@id\":\"https:\\\/\\\/www.suppliesonboard.it\\\/en\\\/#organization\",\"name\":\"Supplies on board - Yacht service\",\"url\":\"https:\\\/\\\/www.suppliesonboard.it\\\/en\\\/\",\"logo\":{\"@type\":\"ImageObject\",\"inLanguage\":\"en-US\",\"@id\":\"https:\\\/\\\/www.suppliesonboard.it\\\/en\\\/#\\\/schema\\\/logo\\\/image\\\/\",\"url\":\"https:\\\/\\\/www.suppliesonboard.it\\\/wp-content\\\/uploads\\\/2024\\\/01\\\/cropped-Icona-Supplies.png\",\"contentUrl\":\"https:\\\/\\\/www.suppliesonboard.it\\\/wp-content\\\/uploads\\\/2024\\\/01\\\/cropped-Icona-Supplies.png\",\"width\":512,\"height\":512,\"caption\":\"Supplies on board - Yacht service\"},\"image\":{\"@id\":\"https:\\\/\\\/www.suppliesonboard.it\\\/en\\\/#\\\/schema\\\/logo\\\/image\\\/\"}}]}<\/script>\n<!-- \/ Yoast SEO plugin. -->","yoast_head_json":{"title":"Sea-Doo Cooler Bag 43 L - Supplies on board - Yacht service","description":"Sea-Doo accessories 2025, Sea-Doo hard cooler, 43-liter capacity, for all Sea-Doo watercraft models.","robots":{"index":"index","follow":"follow","max-snippet":"max-snippet:-1","max-image-preview":"max-image-preview:large","max-video-preview":"max-video-preview:-1"},"canonical":"https:\/\/www.suppliesonboard.it\/en\/shop\/senza-categoria\/sea-doo-accessories\/bags-trunks-dry-bags\/sea-doo-cooler-bag-43-l\/","og_locale":"en_US","og_type":"article","og_title":"Sea-Doo Cooler Bag 43 L - Supplies on board - Yacht service","og_description":"Sea-Doo accessories 2025, Sea-Doo hard cooler, 43-liter capacity, for all Sea-Doo watercraft models.","og_url":"https:\/\/www.suppliesonboard.it\/en\/shop\/senza-categoria\/sea-doo-accessories\/bags-trunks-dry-bags\/sea-doo-cooler-bag-43-l\/","og_site_name":"Supplies on board - Yacht service","og_image":[{"width":1920,"height":1920,"url":"https:\/\/www.suppliesonboard.it\/wp-content\/uploads\/2025\/02\/sea-doo-cooler-43-litri.jpg","type":"image\/jpeg"}],"twitter_card":"summary_large_image","twitter_misc":{"Est. reading time":"1 minute"},"schema":{"@context":"https:\/\/schema.org","@graph":[{"@type":"WebPage","@id":"https:\/\/www.suppliesonboard.it\/en\/shop\/senza-categoria\/sea-doo-accessories\/bags-trunks-dry-bags\/sea-doo-cooler-bag-43-l\/","url":"https:\/\/www.suppliesonboard.it\/en\/shop\/senza-categoria\/sea-doo-accessories\/bags-trunks-dry-bags\/sea-doo-cooler-bag-43-l\/","name":"Sea-Doo Cooler Bag 43 L - Supplies on board - Yacht service","isPartOf":{"@id":"https:\/\/www.suppliesonboard.it\/en\/#website"},"primaryImageOfPage":{"@id":"https:\/\/www.suppliesonboard.it\/en\/shop\/senza-categoria\/sea-doo-accessories\/bags-trunks-dry-bags\/sea-doo-cooler-bag-43-l\/#primaryimage"},"image":{"@id":"https:\/\/www.suppliesonboard.it\/en\/shop\/senza-categoria\/sea-doo-accessories\/bags-trunks-dry-bags\/sea-doo-cooler-bag-43-l\/#primaryimage"},"thumbnailUrl":"https:\/\/www.suppliesonboard.it\/wp-content\/uploads\/2025\/02\/sea-doo-cooler-43-litri.jpg","datePublished":"2025-02-10T11:08:31+00:00","description":"Sea-Doo accessories 2025, Sea-Doo hard cooler, 43-liter capacity, for all Sea-Doo watercraft models.","breadcrumb":{"@id":"https:\/\/www.suppliesonboard.it\/en\/shop\/senza-categoria\/sea-doo-accessories\/bags-trunks-dry-bags\/sea-doo-cooler-bag-43-l\/#breadcrumb"},"inLanguage":"en-US","potentialAction":[{"@type":"ReadAction","target":["https:\/\/www.suppliesonboard.it\/en\/shop\/senza-categoria\/sea-doo-accessories\/bags-trunks-dry-bags\/sea-doo-cooler-bag-43-l\/"]}]},{"@type":"ImageObject","inLanguage":"en-US","@id":"https:\/\/www.suppliesonboard.it\/en\/shop\/senza-categoria\/sea-doo-accessories\/bags-trunks-dry-bags\/sea-doo-cooler-bag-43-l\/#primaryimage","url":"https:\/\/www.suppliesonboard.it\/wp-content\/uploads\/2025\/02\/sea-doo-cooler-43-litri.jpg","contentUrl":"https:\/\/www.suppliesonboard.it\/wp-content\/uploads\/2025\/02\/sea-doo-cooler-43-litri.jpg","width":1920,"height":1920},{"@type":"BreadcrumbList","@id":"https:\/\/www.suppliesonboard.it\/en\/shop\/senza-categoria\/sea-doo-accessories\/bags-trunks-dry-bags\/sea-doo-cooler-bag-43-l\/#breadcrumb","itemListElement":[{"@type":"ListItem","position":1,"name":"Home","item":"https:\/\/www.suppliesonboard.it\/en\/home\/"},{"@type":"ListItem","position":2,"name":"Shop","item":"https:\/\/www.suppliesonboard.it\/en\/shop\/"},{"@type":"ListItem","position":3,"name":"Sea-Doo Cooler Bag 43 L"}]},{"@type":"WebSite","@id":"https:\/\/www.suppliesonboard.it\/en\/#website","url":"https:\/\/www.suppliesonboard.it\/en\/","name":"Supplies on board - Yacht service","description":"Forniture navali - yacht supply","publisher":{"@id":"https:\/\/www.suppliesonboard.it\/en\/#organization"},"potentialAction":[{"@type":"SearchAction","target":{"@type":"EntryPoint","urlTemplate":"https:\/\/www.suppliesonboard.it\/en\/?s={search_term_string}"},"query-input":{"@type":"PropertyValueSpecification","valueRequired":true,"valueName":"search_term_string"}}],"inLanguage":"en-US"},{"@type":"Organization","@id":"https:\/\/www.suppliesonboard.it\/en\/#organization","name":"Supplies on board - Yacht service","url":"https:\/\/www.suppliesonboard.it\/en\/","logo":{"@type":"ImageObject","inLanguage":"en-US","@id":"https:\/\/www.suppliesonboard.it\/en\/#\/schema\/logo\/image\/","url":"https:\/\/www.suppliesonboard.it\/wp-content\/uploads\/2024\/01\/cropped-Icona-Supplies.png","contentUrl":"https:\/\/www.suppliesonboard.it\/wp-content\/uploads\/2024\/01\/cropped-Icona-Supplies.png","width":512,"height":512,"caption":"Supplies on board - Yacht service"},"image":{"@id":"https:\/\/www.suppliesonboard.it\/en\/#\/schema\/logo\/image\/"}}]}},"_links":{"self":[{"href":"https:\/\/www.suppliesonboard.it\/en\/wp-json\/wp\/v2\/product\/7821","targetHints":{"allow":["GET"]}}],"collection":[{"href":"https:\/\/www.suppliesonboard.it\/en\/wp-json\/wp\/v2\/product"}],"about":[{"href":"https:\/\/www.suppliesonboard.it\/en\/wp-json\/wp\/v2\/types\/product"}],"wp:featuredmedia":[{"embeddable":true,"href":"https:\/\/www.suppliesonboard.it\/en\/wp-json\/wp\/v2\/media\/5618"}],"wp:attachment":[{"href":"https:\/\/www.suppliesonboard.it\/en\/wp-json\/wp\/v2\/media?parent=7821"}],"wp:term":[{"taxonomy":"product_brand","embeddable":true,"href":"https:\/\/www.suppliesonboard.it\/en\/wp-json\/wp\/v2\/product_brand?post=7821"},{"taxonomy":"product_cat","embeddable":true,"href":"https:\/\/www.suppliesonboard.it\/en\/wp-json\/wp\/v2\/product_cat?post=7821"},{"taxonomy":"product_tag","embeddable":true,"href":"https:\/\/www.suppliesonboard.it\/en\/wp-json\/wp\/v2\/product_tag?post=7821"}],"curies":[{"name":"wp","href":"https:\/\/api.w.org\/{rel}","templated":true}]}}